{"id":1806,"date":"2022-09-19T11:03:22","date_gmt":"2022-09-19T11:03:22","guid":{"rendered":"https:\/\/masvalenti1511.com\/aviso-legal-2\/"},"modified":"2023-12-22T13:12:20","modified_gmt":"2023-12-22T13:12:20","slug":"condicions-de-reserva","status":"publish","type":"page","link":"https:\/\/masvalenti1511.com\/cat\/condicions-de-reserva\/","title":{"rendered":"Condicions de reserva"},"content":{"rendered":"\t\t<div data-elementor-type=\"wp-page\" data-elementor-id=\"1806\" class=\"elementor elementor-1806\" data-elementor-post-type=\"page\">\n\t\t\t\t<div class=\"elementor-element elementor-element-fd066c8 e-flex e-con-boxed e-con e-parent\" data-id=\"fd066c8\" data-element_type=\"container\" data-e-type=\"container\">\n\t\t\t\t\t<div class=\"e-con-inner\">\n\t\t\t\t<div class=\"elementor-element elementor-element-b725289 elementor-widget elementor-widget-text-editor\" data-id=\"b725289\" data-element_type=\"widget\" data-e-type=\"widget\" data-widget_type=\"text-editor.default\">\n\t\t\t\t<div class=\"elementor-widget-container\">\n\t\t\t\t\t\t\t\t\t<p><strong>Condicions de la reserva:<\/strong><\/p><p>Reserves d\u00b4habitacions independents a la Vila Superior (La Masia)<\/p><p>Aquesta modalitat d&#8217;allotjament nom\u00e9s ser\u00e0 possible de mitjans de maig fins a finals d&#8217;octubre, i inclou un bufet d&#8217;esmorzar.<\/p><p>Durant aquest per\u00edode no est\u00e0 prevista la possibilitat de llogar la casa completa, per\u00f2 en cas d&#8217;estar-hi interessats, consulteu-nos disponibilitat.<\/p><p><strong>Forma de pagament<\/strong><\/p><p>En el moment d&#8217;efectuar la reserva a trav\u00e9s del nostre web, cal fer una paga i senyal del 30% de l&#8217;import total de la reserva.<\/p><p>En tots dos casos, l&#8217;import restant s&#8217;abona el dia de la sortida, en efectiu, o targeta de cr\u00e8dit. No s&#8217;accepten xecs, pagar\u00e9s i bitllets superiors a 100 euros.<\/p><p>H<strong>oraris d&#8217;arribada i sortides<\/strong><\/p><p>L\u00b4horari d\u00b4entrada \u00e9s de 16.00 a 20.00 hores, i la sortida s\u00b4haur\u00e0 d\u00b4efectuar abans de les 12:00 del dia de la marxa. Per altres horaris consultar.<\/p><p><strong>Servei d&#8217;habitacions<\/strong><\/p><p>Aquest servei nom\u00e9s es far\u00e0 per a estades superiors a tres nits.<\/p><p><strong>Obligacions del client<\/strong><\/p><p>Les reserves seran d&#8217;un m\u00ednim de dues nits, i es limitaran al nombre de persones que s&#8217;indiquin a les caracter\u00edstiques de l&#8217;habitaci\u00f3, comptant tamb\u00e9 els nens (que vagin sense el seu propi llit i tinguin m\u00e9s de 2 anys) com a persones a efectes de ocupaci\u00f3.<\/p><p><strong>Mascotes<\/strong><\/p><p>En cas de lloguer d&#8217;habitacions independents amb esmorzar, s&#8217;accepta una mascota per habitaci\u00f3, excepte a l&#8217;habitaci\u00f3 Castell (la triple amb pati), amb un m\u00e0xim de dues. \u00c9s condici\u00f3 necess\u00e0ria que s&#8217;avisi en el moment de fer la reserva, indicant-ne el nombre de mascotes i les caracter\u00edstiques.<\/p><p>La propietat es reserva el dret d&#8217;acceptar-les o no, segons la particularitat de cada reserva. L\u00b4acceptaci\u00f3 de mascotes implicar\u00e0 un suplement.<\/p><p><strong>Reserves de la casa completa (Vila Superior)<\/strong><\/p><p>Aquesta modalitat d&#8217;allotjament nom\u00e9s ser\u00e0 possible des de finals d&#8217;octubre fins a mitjans de maig de l&#8217;any seg\u00fcent i no inclou menjar. Inclou el lloguer de tota la casa, sense compartir, i s\u00b4autoritza l\u00b4\u00fas de la cuina amb tots els seus elements i utensilis.<\/p><p><strong>Forma de pagament<\/strong><\/p><p>En el moment d&#8217;efectuar la reserva a trav\u00e9s del nostre web, cal fer una paga i senyal del 30% de l&#8217;import total de la reserva.<\/p><p>En tots dos casos, l&#8217;import restant s&#8217;abona el dia de la sortida, en efectiu, o targeta de cr\u00e8dit. No s&#8217;accepten xecs, pagar\u00e9s o bitllets superiors a 100 euros.<\/p><p><strong>Fian\u00e7a<\/strong><\/p><p>En cas de llogar la casa completa, i nom\u00e9s en aquest cas, la propietat es reserva la possibilitat d&#8217;exigir una fian\u00e7a abans de l&#8217;arribada a l&#8217;establiment. Aquesta es tornar\u00e0 en el termini m\u00e0xim de 2 dies des de la data de sortida, per poder comprovar el correcte estat de lallotjament.<\/p><p><strong>Suplement de neteja<\/strong><\/p><p>Al preu del lloguer de la casa completa no est\u00e0 incl\u00f2s el suplement de la neteja, un cop deixin la casa, de 90 euros.<\/p><p><strong>Horaris d&#8217;arribades i sortides<\/strong><\/p><p>L\u00b4horari d\u00b4entrada \u00e9s de les 16.00 a les 20.00 hores. La sortida es podr\u00e0 retardar fins a la tarda, sempre que no coincideixi amb l&#8217;entrada d&#8217;un altre client i ho hagi pactat amb el responsable.<\/p><p><strong>Obligacions del client<\/strong><\/p><p>Les reserves seran d&#8217;un m\u00ednim de dues nits, i es limitaran al nombre de persones que s&#8217;indiquin a les caracter\u00edstiques de la casa, comptant tamb\u00e9 els nens (que vagin sense el seu propi llit i tinguin m\u00e9s de 2 anys) com a persones a efectes de ocupaci\u00f3.<\/p><p>Per al benestar dels ve\u00efns, no es permet la realitzaci\u00f3 de festes ni posar m\u00fasica a l&#8217;exterior de l&#8217;allotjament<br \/>En fer el check out, el client t\u00e9 l&#8217;obligaci\u00f3 de deixar l&#8217;allotjament recollit i presentable.<\/p><p><strong>Reserves de la casa l\u2019Olivet de Mas Valent\u00ed<\/strong><\/p><p>El lloguer d\u00b4aquesta casa no inclou cap \u00e0pat. Inclou el lloguer de tota la casa, sense compartir, inclosa la cuina amb tots els elements i utensilis.<\/p><p><strong>Forma de pagament<\/strong><\/p><p>En el moment d&#8217;efectuar la reserva a trav\u00e9s del nostre web, cal fer una paga i senyal del 30% de l&#8217;import total de la reserva.<\/p><p>En tots dos casos, l&#8217;import restant s&#8217;abona el dia de la sortida, en efectiu, o targeta de cr\u00e8dit. No s&#8217;accepten xecs, pagar\u00e9s i bitllets superiors a 100 euros.<\/p><p><strong>Fian\u00e7a<\/strong><\/p><p>En cas de llogar la casa completa, i nom\u00e9s en aquest cas, la propietat es reserva la possibilitat d&#8217;exigir una fian\u00e7a abans de l&#8217;arribada a l&#8217;establiment. Aquesta es tornar\u00e0 en el termini m\u00e0xim de 2 dies des de la data de sortida, per poder comprovar el correcte estat de lallotjament.<\/p><p><strong>Suplement de neteja<\/strong><\/p><p>Al preu del lloguer no est\u00e0 incl\u00f2s el suplement de la neteja, un cop deixin la casa, de 50 euros.<\/p><p><strong>Mascotes<\/strong><\/p><p>Es permet l&#8217;acc\u00e9s de mascotes sempre que s&#8217;avisi en el moment de la reserva, indicant-ne el nombre de mascotes i les caracter\u00edstiques. La propietat es reserva el dret d&#8217;acceptar-les o no, segons la peculiaritat de casa reserva. L\u00b4acceptaci\u00f3 de mascotes implicar\u00e0 un suplement.<\/p><p><strong>Horaris d&#8217;arribades i sortides<\/strong><\/p><p>L\u00b4horari d\u00b4entrada \u00e9s de les 16.00 a les 20.00 hores. La sortida es podr\u00e0 retardar fins a la tarda, sempre que no coincideixi amb l&#8217;entrada d&#8217;un altre client i ho hagi pactat amb el responsable.<\/p><p><strong>Obligacions del client<\/strong><\/p><p>Les reserves seran d&#8217;un m\u00ednim de dues nits, excepte Juliol i Agost en qu\u00e8 l&#8217;estada m\u00ednima requerida ser\u00e0 de 7 nits, i es limitaran al nombre de persones que s&#8217;indiquin a les caracter\u00edstiques de la casa, comptant tamb\u00e9 els nens (que vagin sense el seu propi llit i tinguin m\u00e9s de 2 anys) com a persones a efectes docupaci\u00f3.<\/p><p>Per al benestar dels ve\u00efns, no es permet la realitzaci\u00f3 de festes ni posar m\u00fasica a l&#8217;exterior de l&#8217;allotjament<br \/>En fer check out, el client t\u00e9 l&#8217;obligaci\u00f3 de deixar l&#8217;allotjament recollit i presentable<\/p><p><strong>Condicions cancel\u00b7laci\u00f3:<\/strong><\/p><p><strong>Principi del formulari<\/strong><\/p><p>Reserves d\u00b4habitacions independents a la Vila Superior (La Masia), i casa l\u00b4Olivet del Mas Valent\u00ed<\/p><p><strong>Cancel\u00b7laci\u00f3 de la reserva<\/strong><\/p><p>La cancel\u00b7laci\u00f3 de la reserva implica la retenci\u00f3 del 100% de la paga i senyal, quan l&#8217;anul\u00b7laci\u00f3 s&#8217;efectu\u00ef amb menys de 7 dies d&#8217;antelaci\u00f3 a la data d&#8217;entrada a l&#8217;allotjament<\/p><p>Si la cancel\u00b7laci\u00f3 \u00e9s anterior als 7 dies de la data d&#8217;arribada, es tornar\u00e0 el 100% de la paga i senyal.<\/p><p><strong>Reserves de la casa completa (Vila Superior)<\/strong><\/p><p><strong>Cancel\u00b7laci\u00f3 de la reserva<\/strong><\/p><p>La cancel\u00b7laci\u00f3 de la reserva implica la retenci\u00f3 del 100% de la paga i senyal, quan l&#8217;anul\u00b7laci\u00f3 s&#8217;efectu\u00ef amb menys de 15 dies d&#8217;antelaci\u00f3 a la data d&#8217;entrada a l&#8217;allotjament.<\/p><p>Si la cancel\u00b7laci\u00f3 \u00e9s anterior als 15 dies de la data d&#8217;arribada, es retornar\u00e0 el 100% de la paga i senyal.<\/p><p>Final del formulari<\/p><p>\u00a0<\/p>\t\t\t\t\t\t\t\t<\/div>\n\t\t\t\t<\/div>\n\t\t\t\t\t<\/div>\n\t\t\t\t<\/div>\n\t\t\t\t<\/div>\n\t\t","protected":false},"excerpt":{"rendered":"<p>Condicions de la reserva: Reserves d\u00b4habitacions independents a la Vila Superior (La Masia) Aquesta modalitat d&#8217;allotjament nom\u00e9s ser\u00e0 possible de mitjans de maig fins a finals d&#8217;octubre, i inclou un bufet d&#8217;esmorzar. Durant aquest per\u00edode no est\u00e0 prevista la possibilitat de llogar la casa completa, per\u00f2 en cas d&#8217;estar-hi interessats, consulteu-nos disponibilitat. Forma de pagament [&hellip;]<\/p>\n","protected":false},"author":1,"featured_media":0,"parent":0,"menu_order":0,"comment_status":"closed","ping_status":"closed","template":"elementor_header_footer","meta":{"_acf_changed":false,"_joinchat":[],"footnotes":""},"class_list":["post-1806","page","type-page","status-publish","hentry"],"acf":[],"yoast_head":"<!-- This site is optimized with the Yoast SEO plugin v27.4 - https:\/\/yoast.com\/product\/yoast-seo-wordpress\/ -->\n<title>Condicions de reserva - Mas Valent\u00ed 1511 Catal\u00e1n<\/title>\n<meta name=\"robots\" content=\"noindex, nofollow\" \/>\n<meta property=\"og:locale\" content=\"ca_ES\" \/>\n<meta property=\"og:type\" content=\"article\" \/>\n<meta property=\"og:title\" content=\"Condicions de reserva - Mas Valent\u00ed 1511 Catal\u00e1n\" \/>\n<meta property=\"og:description\" content=\"Condicions de la reserva: Reserves d\u00b4habitacions independents a la Vila Superior (La Masia) Aquesta modalitat d&#8217;allotjament nom\u00e9s ser\u00e0 possible de mitjans de maig fins a finals d&#8217;octubre, i inclou un bufet d&#8217;esmorzar. Durant aquest per\u00edode no est\u00e0 prevista la possibilitat de llogar la casa completa, per\u00f2 en cas d&#8217;estar-hi interessats, consulteu-nos disponibilitat. Forma de pagament [&hellip;]\" \/>\n<meta property=\"og:url\" content=\"https:\/\/masvalenti1511.com\/cat\/condicions-de-reserva\/\" \/>\n<meta property=\"og:site_name\" content=\"Mas Valent\u00ed 1511 Catal\u00e1n\" \/>\n<meta property=\"article:modified_time\" content=\"2023-12-22T13:12:20+00:00\" \/>\n<meta name=\"twitter:card\" content=\"summary_large_image\" \/>\n<meta name=\"twitter:label1\" content=\"Temps estimat de lectura\" \/>\n\t<meta name=\"twitter:data1\" content=\"5 minuts\" \/>\n<script type=\"application\/ld+json\" class=\"yoast-schema-graph\">{\"@context\":\"https:\\\/\\\/schema.org\",\"@graph\":[{\"@type\":\"WebPage\",\"@id\":\"https:\\\/\\\/masvalenti1511.com\\\/cat\\\/condicions-de-reserva\\\/\",\"url\":\"https:\\\/\\\/masvalenti1511.com\\\/cat\\\/condicions-de-reserva\\\/\",\"name\":\"Condicions de reserva - Mas Valent\u00ed 1511 Catal\u00e1n\",\"isPartOf\":{\"@id\":\"https:\\\/\\\/masvalenti1511.com\\\/cat\\\/#website\"},\"datePublished\":\"2022-09-19T11:03:22+00:00\",\"dateModified\":\"2023-12-22T13:12:20+00:00\",\"breadcrumb\":{\"@id\":\"https:\\\/\\\/masvalenti1511.com\\\/cat\\\/condicions-de-reserva\\\/#breadcrumb\"},\"inLanguage\":\"ca\",\"potentialAction\":[{\"@type\":\"ReadAction\",\"target\":[\"https:\\\/\\\/masvalenti1511.com\\\/cat\\\/condicions-de-reserva\\\/\"]}]},{\"@type\":\"BreadcrumbList\",\"@id\":\"https:\\\/\\\/masvalenti1511.com\\\/cat\\\/condicions-de-reserva\\\/#breadcrumb\",\"itemListElement\":[{\"@type\":\"ListItem\",\"position\":1,\"name\":\"Portada\",\"item\":\"https:\\\/\\\/masvalenti1511.com\\\/cat\\\/\"},{\"@type\":\"ListItem\",\"position\":2,\"name\":\"Condicions de reserva\"}]},{\"@type\":\"WebSite\",\"@id\":\"https:\\\/\\\/masvalenti1511.com\\\/cat\\\/#website\",\"url\":\"https:\\\/\\\/masvalenti1511.com\\\/cat\\\/\",\"name\":\"Mas Valent\u00ed 1511 Catal\u00e1n\",\"description\":\"Mas Valent\u00ed - Costa Brava\",\"publisher\":{\"@id\":\"https:\\\/\\\/masvalenti1511.com\\\/cat\\\/#organization\"},\"potentialAction\":[{\"@type\":\"SearchAction\",\"target\":{\"@type\":\"EntryPoint\",\"urlTemplate\":\"https:\\\/\\\/masvalenti1511.com\\\/cat\\\/?s={search_term_string}\"},\"query-input\":{\"@type\":\"PropertyValueSpecification\",\"valueRequired\":true,\"valueName\":\"search_term_string\"}}],\"inLanguage\":\"ca\"},{\"@type\":\"Organization\",\"@id\":\"https:\\\/\\\/masvalenti1511.com\\\/cat\\\/#organization\",\"name\":\"Mas Valent\u00ed 1511 Catal\u00e1n\",\"url\":\"https:\\\/\\\/masvalenti1511.com\\\/cat\\\/\",\"logo\":{\"@type\":\"ImageObject\",\"inLanguage\":\"ca\",\"@id\":\"https:\\\/\\\/masvalenti1511.com\\\/cat\\\/#\\\/schema\\\/logo\\\/image\\\/\",\"url\":\"https:\\\/\\\/masvalenti1511.com\\\/cat\\\/wp-content\\\/uploads\\\/sites\\\/2\\\/cropped-Logo1_MV1511_web.png\",\"contentUrl\":\"https:\\\/\\\/masvalenti1511.com\\\/cat\\\/wp-content\\\/uploads\\\/sites\\\/2\\\/cropped-Logo1_MV1511_web.png\",\"width\":150,\"height\":150,\"caption\":\"Mas Valent\u00ed 1511 Catal\u00e1n\"},\"image\":{\"@id\":\"https:\\\/\\\/masvalenti1511.com\\\/cat\\\/#\\\/schema\\\/logo\\\/image\\\/\"}}]}<\/script>\n<!-- \/ Yoast SEO plugin. -->","yoast_head_json":{"title":"Condicions de reserva - Mas Valent\u00ed 1511 Catal\u00e1n","robots":{"index":"noindex","follow":"nofollow"},"og_locale":"ca_ES","og_type":"article","og_title":"Condicions de reserva - Mas Valent\u00ed 1511 Catal\u00e1n","og_description":"Condicions de la reserva: Reserves d\u00b4habitacions independents a la Vila Superior (La Masia) Aquesta modalitat d&#8217;allotjament nom\u00e9s ser\u00e0 possible de mitjans de maig fins a finals d&#8217;octubre, i inclou un bufet d&#8217;esmorzar. Durant aquest per\u00edode no est\u00e0 prevista la possibilitat de llogar la casa completa, per\u00f2 en cas d&#8217;estar-hi interessats, consulteu-nos disponibilitat. Forma de pagament [&hellip;]","og_url":"https:\/\/masvalenti1511.com\/cat\/condicions-de-reserva\/","og_site_name":"Mas Valent\u00ed 1511 Catal\u00e1n","article_modified_time":"2023-12-22T13:12:20+00:00","twitter_card":"summary_large_image","twitter_misc":{"Temps estimat de lectura":"5 minuts"},"schema":{"@context":"https:\/\/schema.org","@graph":[{"@type":"WebPage","@id":"https:\/\/masvalenti1511.com\/cat\/condicions-de-reserva\/","url":"https:\/\/masvalenti1511.com\/cat\/condicions-de-reserva\/","name":"Condicions de reserva - Mas Valent\u00ed 1511 Catal\u00e1n","isPartOf":{"@id":"https:\/\/masvalenti1511.com\/cat\/#website"},"datePublished":"2022-09-19T11:03:22+00:00","dateModified":"2023-12-22T13:12:20+00:00","breadcrumb":{"@id":"https:\/\/masvalenti1511.com\/cat\/condicions-de-reserva\/#breadcrumb"},"inLanguage":"ca","potentialAction":[{"@type":"ReadAction","target":["https:\/\/masvalenti1511.com\/cat\/condicions-de-reserva\/"]}]},{"@type":"BreadcrumbList","@id":"https:\/\/masvalenti1511.com\/cat\/condicions-de-reserva\/#breadcrumb","itemListElement":[{"@type":"ListItem","position":1,"name":"Portada","item":"https:\/\/masvalenti1511.com\/cat\/"},{"@type":"ListItem","position":2,"name":"Condicions de reserva"}]},{"@type":"WebSite","@id":"https:\/\/masvalenti1511.com\/cat\/#website","url":"https:\/\/masvalenti1511.com\/cat\/","name":"Mas Valent\u00ed 1511 Catal\u00e1n","description":"Mas Valent\u00ed - Costa Brava","publisher":{"@id":"https:\/\/masvalenti1511.com\/cat\/#organization"},"potentialAction":[{"@type":"SearchAction","target":{"@type":"EntryPoint","urlTemplate":"https:\/\/masvalenti1511.com\/cat\/?s={search_term_string}"},"query-input":{"@type":"PropertyValueSpecification","valueRequired":true,"valueName":"search_term_string"}}],"inLanguage":"ca"},{"@type":"Organization","@id":"https:\/\/masvalenti1511.com\/cat\/#organization","name":"Mas Valent\u00ed 1511 Catal\u00e1n","url":"https:\/\/masvalenti1511.com\/cat\/","logo":{"@type":"ImageObject","inLanguage":"ca","@id":"https:\/\/masvalenti1511.com\/cat\/#\/schema\/logo\/image\/","url":"https:\/\/masvalenti1511.com\/cat\/wp-content\/uploads\/sites\/2\/cropped-Logo1_MV1511_web.png","contentUrl":"https:\/\/masvalenti1511.com\/cat\/wp-content\/uploads\/sites\/2\/cropped-Logo1_MV1511_web.png","width":150,"height":150,"caption":"Mas Valent\u00ed 1511 Catal\u00e1n"},"image":{"@id":"https:\/\/masvalenti1511.com\/cat\/#\/schema\/logo\/image\/"}}]}},"_links":{"self":[{"href":"https:\/\/masvalenti1511.com\/cat\/wp-json\/wp\/v2\/pages\/1806","targetHints":{"allow":["GET"]}}],"collection":[{"href":"https:\/\/masvalenti1511.com\/cat\/wp-json\/wp\/v2\/pages"}],"about":[{"href":"https:\/\/masvalenti1511.com\/cat\/wp-json\/wp\/v2\/types\/page"}],"author":[{"embeddable":true,"href":"https:\/\/masvalenti1511.com\/cat\/wp-json\/wp\/v2\/users\/1"}],"replies":[{"embeddable":true,"href":"https:\/\/masvalenti1511.com\/cat\/wp-json\/wp\/v2\/comments?post=1806"}],"version-history":[{"count":0,"href":"https:\/\/masvalenti1511.com\/cat\/wp-json\/wp\/v2\/pages\/1806\/revisions"}],"wp:attachment":[{"href":"https:\/\/masvalenti1511.com\/cat\/wp-json\/wp\/v2\/media?parent=1806"}],"curies":[{"name":"wp","href":"https:\/\/api.w.org\/{rel}","templated":true}]}}